{"id":7038,"date":"2016-09-26T10:09:21","date_gmt":"2016-09-26T08:09:21","guid":{"rendered":"https:\/\/www.streifzugmedia.com\/?page_id=7038\/"},"modified":"2021-11-18T08:03:29","modified_gmt":"2021-11-18T07:03:29","slug":"impressum","status":"publish","type":"page","link":"https:\/\/www.streifzugmedia.com\/en\/impressum\/","title":{"rendered":"Imprint"},"content":{"rendered":"<div class=\"fusion-fullwidth fullwidth-box fusion-builder-row-1 nonhundred-percent-fullwidth non-hundred-percent-height-scrolling\" style=\"background-color: rgba(255,255,255,0);background-position: center center;background-repeat: no-repeat;padding-top:0px;padding-right:0px;padding-bottom:0px;padding-left:0px;margin-bottom: 0px;margin-top: 0px;border-width: 0px 0px 0px 0px;border-color:#eae9e9;border-style:solid;\" ><div class=\"fusion-builder-row fusion-row\"><div class=\"fusion-layout-column fusion_builder_column fusion-builder-column-0 fusion_builder_column_1_1 1_1 fusion-one-full fusion-column-first fusion-column-last\" style=\"margin-top:0px;margin-bottom:0px;\"><div class=\"fusion-column-wrapper fusion-flex-column-wrapper-legacy\" style=\"background-position:left top;background-repeat:no-repeat;-webkit-background-size:cover;-moz-background-size:cover;-o-background-size:cover;background-size:cover;padding: 0px 0px 0px 0px;\"><div class=\"fusion-text fusion-text-1\"><p><a href=\"#agb\">AGB<\/a><\/p>\n<p><strong>Herausgeber<\/strong><\/p>\n<p>Streifzug Media GmbH<br \/>\nSt. Johanner Stra\u00dfe 49a \u00b7 A-6370 Kitzb\u00fchel \u00b7 Tel. +43 5356 73117 \u00b7 Fax +43 5356 73117-51<br \/>\nE-Mail: info@streifzugmedia.com \u00b7 www.streifzugmedia.com<br \/>\nUID-Nr.:<span class=\"s1\">ATU67273817\u00a0<\/span>\u00b7 FBN: 381143f \u00b7\u00a0<span class=\"s1\">Gerichtsstand Kitzb\u00fchel<\/span><\/p>\n<p><strong>Haftung:<\/strong><br \/>\nS\u00e4mtliche Inhalte wurden sorgf\u00e4ltig gepr\u00fcft. Dessen ungeachtet kann keine Garantie f\u00fcr Richtigkeit, Vollst\u00e4ndigkeit und Aktualit\u00e4t der Angaben \u00fcbernommen werden.<\/p>\n<p><strong>Copyright:<\/strong><\/p>\n<p>\u00a9 Gams-Logo-Design: Alfons Walde 1933\/Bildrecht GmbH<\/p>\n<p>S\u00e4mtliche Texte, Grafiken und Bilder sind urheberrechtlich gesch\u00fctzt; eine Verwendung ist nur mit ausdr\u00fccklicher Genehmigung zul\u00e4ssig.<\/p>\n<p>Disclaimer<\/p>\n<p style=\"padding-left: 30px;\"><strong>1. Haftungsausschluss<\/strong><\/p>\n<p>Der Autor \u00fcbernimmt keinerlei Gew\u00e4hrleistung f\u00fcr die Aktualit\u00e4t, Vollst\u00e4ndigkeit, Richtigkeit und\/oder Qualit\u00e4t der bereitgestellten Informationen. Haftungsanspr\u00fcche gegen den Autor, welche sich auf Sch\u00e4den materieller oder ideeller Art beziehen, die durch die Nutzung der dargebotenen Informationen bzw. durch die Nutzung fehlerhafter und unvollst\u00e4ndiger Information verursacht wurden, sind grunds\u00e4tzlich ausgeschlossen, sofern weder vors\u00e4tzliches noch ein grob fahrl\u00e4ssiges Verschulden seitens des Autors gegeben ist. Alle Angebote sind freibleibend und unverbindlich. Der Autor beh\u00e4lt sich ausdr\u00fccklich vor, Teile der Seiten oder das gesamte Angebot ohne gesonderte Ank\u00fcndigung zu ver\u00e4ndern, zu erg\u00e4nzen, zu l\u00f6schen, oder die Ver\u00f6ffentlichung zeitweise oder endg\u00fcltig einzustellen.<\/p>\n<p style=\"padding-left: 30px;\"><strong>2. Verweise und Links<\/strong><\/p>\n<p>Bei direkten oder indirekten Verweisen auf fremde Internetseiten (Links), die au\u00dferhalb des Verantwortungsbereiches des Autors liegen, entsteht eine Haftungsverpflichtung nur dann, soweit der Autor von den Inhalten Kenntnis hat und es ihm technisch m\u00f6glich und zumutbar w\u00e4re, die Nutzung im Falle rechtswidriger Inhalte zu verhindern. Der Autor erkl\u00e4rt ausdr\u00fccklich, dass zum Zeitpunkt der Link-Setzung keine illegalen Inhalte auf den zu verlegenden Seiten f\u00fcr ihn erkennbar waren. Auf die aktuelle und zuk\u00fcnftige Gestaltung, die Inhalte oder die Urheberschaft der verlinkten Seiten hat der Autor keinerlei Einfluss. Der Autor distanziert sich ausdr\u00fccklich von allen Inhalten aller verlinkten Seiten, die nach der Link-Setzung ver\u00e4ndert wurden. F\u00fcr illegale, fehlerhafte oder unvollst\u00e4ndige Inhalte und insbesondere f\u00fcr Sch\u00e4den, die aus der Nutzung solcher Art dargebotener Informationen entstehen, haftet allein der Anbieter der jeweiligen Seite, auf welche verwiesen wurde, nicht hingegen derjenige, der \u00fcber Links auf die jeweilige Ver\u00f6ffentlichung lediglich verweist.<\/p>\n<\/div><style type=\"text\/css\"><\/style><div class=\"fusion-title title fusion-title-1 fusion-title-text fusion-title-size-three\" style=\"margin-top:30px;margin-right:0px;margin-bottom:30px;margin-left:0px;\" id=\"agb\"><h3 class=\"title-heading-left fusion-responsive-typography-calculated\" style=\"margin:0;--fontSize:20;--minFontSize:20px;line-height:1.5;\">Allgemeine Gesch\u00e4ftsbedingungen<\/h3><span class=\"awb-title-spacer\"><\/span><div class=\"title-sep-container\"><div class=\"title-sep sep-single sep-solid\" style=\"border-color:#e0dede;\"><\/div><\/div><\/div><div class=\"fusion-text fusion-text-2\"><p><strong>1. Geltungsbereich<\/strong><\/p>\n<p>F\u00fcr alle Bestellungen \u00fcber unseren Online-Shop durch Verbraucher und Unternehmer gelten die nachfolgenden AGB.<\/p>\n<p>Verbraucher ist jede nat\u00fcrliche Person, die ein Rechtsgesch\u00e4ft zu Zwecken abschlie\u00dft, die \u00fcberwiegend weder ihrer gewerblichen noch ihrer selbst\u00e4ndigen beruflichen T\u00e4tigkeit zugerechnet werden k\u00f6nnen. Unternehmer ist eine nat\u00fcrliche oder juristische Person oder eine rechtsf\u00e4hige Personengesellschaft, die bei Abschluss eines Rechtsgesch\u00e4fts in Aus\u00fcbung ihrer gewerblichen oder selbst\u00e4ndigen beruflichen T\u00e4tigkeit handelt.<\/p>\n<p>Gegen\u00fcber Unternehmern gelten diese AGB auch f\u00fcr k\u00fcnftige Gesch\u00e4ftsbeziehungen, ohne dass wir nochmals auf sie hinweisen m\u00fcssten. Verwendet der Unternehmer entgegenstehende oder erg\u00e4nzende Allgemeine Gesch\u00e4ftsbedingungen, wird deren Geltung hiermit widersprochen; sie werden nur dann Vertragsbestandteil, wenn wir dem ausdr\u00fccklich zugestimmt haben.<\/p>\n<p><strong>2. Vertragspartner, Vertragsschluss<\/strong><\/p>\n<p>Der Kaufvertrag kommt zustande mit Streifzug Media GmbH.<\/p>\n<p>Mit Einstellung der Produkte in den Online-Shop geben wir ein verbindliches Angebot zum Vertragsschluss \u00fcber diese Artikel ab. Sie k\u00f6nnen unsere Produkte zun\u00e4chst unverbindlich in den Warenkorb legen und Ihre Eingaben vor Absenden Ihrer verbindlichen Bestellung jederzeit korrigieren, indem Sie die hierf\u00fcr im Bestellablauf vorgesehenen und erl\u00e4uterten Korrekturhilfen nutzen. Der Vertrag kommt zustande, indem Sie durch Anklicken des Bestellbuttons das Angebot \u00fcber die im Warenkorb enthaltenen Waren annehmen. Unmittelbar nach dem Absenden der Bestellung erhalten Sie noch einmal eine Best\u00e4tigung per E-Mail.<\/p>\n<p>Ein bindender Vertrag kann auch bereits zuvor wie folgt zustande kommen:<\/p>\n<p>&#8211; Wenn Sie Kreditkartenzahlung gew\u00e4hlt haben, kommt der Vertrag zum Zeitpunkt der Kreditkartenbelastung zustande.<\/p>\n<p>&#8211; Wenn Sie die Zahlungsart PayPal gew\u00e4hlt haben, kommt der Vertrag zum Zeitpunkt Ihrer Best\u00e4tigung der Zahlungsanweisung an PayPal zustande.<\/p>\n<p>Die f\u00fcr den Vertragsschluss zur Verf\u00fcgung stehende Sprache ist Deutsch.<\/p>\n<p>Wir speichern den Vertragstext und senden Ihnen die Bestelldaten und unsere AGB per E-Mail zu. Die AGB k\u00f6nnen Sie jederzeit auch hier auf dieser Seite einsehen und herunterladen. Ihre vergangenen Bestellungen k\u00f6nnen Sie in unserem Kunden-Login einsehen.<\/p>\n<p><strong>3. Lieferbedingungen<\/strong><br \/>\nZuz\u00fcglich zu den angegebenen Produktpreisen kommen noch Versandkosten hinzu. N\u00e4heres zur H\u00f6he der Versandkosten erfahren Sie bei den Angeboten.<\/p>\n<p>Wir liefern nur im Versandweg. Eine Selbstabholung der Ware ist leider nicht m\u00f6glich.<\/p>\n<p>Wir liefern nicht an Packstationen.<\/p>\n<p><strong>4. Bezahlung<\/strong><br \/>\nIn unserem Shop stehen Ihnen die folgenden Zahlungsarten zur Verf\u00fcgung:<\/p>\n<p><strong>Kreditkarte<\/strong><br \/>\nDie Belastung Ihrer Kreditkarte erfolgt mit Abschluss der Bestellung.<\/p>\n<p><strong>Paypal<\/strong><br \/>\nSie bezahlen den Rechnungsbetrag \u00fcber den Online-Anbieter Paypal. Sie m\u00fcssen grunds\u00e4tzlich dort registriert sein bzw. sich erst registrieren, mit Ihren Zugangsdaten legitimieren und die Zahlungsanweisung an uns best\u00e4tigen. Weitere Hinweise erhalten Sie beim Bestellvorgang.<\/p>\n<p><strong>Rechnung<\/strong><\/p>\n<p><strong>5. Eigentumsvorbehalt <\/strong><br \/>\nDie Ware bleibt bis zur vollst\u00e4ndigen Bezahlung unser Eigentum.F\u00fcr Unternehmer gilt erg\u00e4nzend: Wir behalten uns das Eigentum an der Ware bis zur vollst\u00e4ndigen Begleichung aller Forderungen aus einer laufenden Gesch\u00e4ftsbeziehung vor. Sie d\u00fcrfen die Vorbehaltsware im ordentlichen Gesch\u00e4ftsbetrieb weiterver\u00e4u\u00dfern; s\u00e4mtliche aus diesem Weiterverkauf entstehenden Forderungen treten Sie \u2013 unabh\u00e4ngig von einer Verbindung oder Vermischung der Vorbehaltsware mit einer neuen Sache &#8211; in H\u00f6he des Rechnungsbetrages an uns im Voraus ab, und wir nehmen diese Abtretung an. Sie bleiben zur Einziehung der Forderungen erm\u00e4chtigt, wir d\u00fcrfen Forderungen jedoch auch selbst einziehen, soweit Sie Ihren Zahlungsverpflichtungen nicht nachkommen.<\/p>\n<p><strong>6. Transportsch\u00e4den<\/strong><br \/>\nWerden Waren mit offensichtlichen Transportsch\u00e4den angeliefert, so reklamieren Sie solche Fehler bitte m\u00f6glichst sofort beim Zusteller und nehmen Sie bitte unverz\u00fcglich Kontakt zu uns auf. Die Vers\u00e4umung einer Reklamation oder Kontaktaufnahme hat f\u00fcr Ihre gesetzlichen Anspr\u00fcche und deren Durchsetzung, insbesondere Ihre Gew\u00e4hrleistungsrechte keinerlei Konsequenzen. Sie helfen uns aber, unsere eigenen Anspr\u00fcche gegen\u00fcber dem Frachtf\u00fchrer bzw. Transportversicherung geltend machen zu k\u00f6nnen.<\/p>\n<p><strong>7. Gew\u00e4hrleistung und Garantien<\/strong><br \/>\nEs gilt das gesetzliche M\u00e4ngelhaftungsrecht. Informationen zu gegebenenfalls geltenden zus\u00e4tzlichen Garantien und deren genaue Bedingungen finden Sie jeweils beim Produkt und auf besonderen Informationsseiten im Shop.<\/p>\n<p>Kundendienst: Sollen Sie Fragen haben stehen wir Ihnen gerne zur Verf\u00fcgung:<\/p>\n<p><strong>8. Online-Streitbeilegung<\/strong><br \/>\nOnline-Streitbeilegung gem\u00e4\u00df Art. 14 Abs. 1 ODR-VO: Die Europ\u00e4ische Kommission stellt eine Plattform zur Online-Streitbeilegung (OS) bereit, die Sie unter <a href=\"http:\/\/ec.europa.eu\/consumers\/odr\/\" target=\"_blank\" rel=\"nofollow noopener noreferrer\">http:\/\/ec.europa.eu\/consumers\/odr\/<\/a>\u00a0finden.<\/p>\n<\/div><div class=\"fusion-text fusion-text-3\"><div class=\"woocommerce woocommerce-gzd woocommerce-gzd-complaints-shortcode\">\n\t\t\t<h3>Information pursuant to \u00a7 19 (3) AStG<\/h3>\n\t\t<p>Alternative Dispute Resolution Act - Online stores<\/p>\n\t\nWir sind bereit, an einem au\u00dfergerichtlichen Schlichtungsverfahren teilzunehmen.<\/div>\n<\/div><div class=\"fusion-clearfix\"><\/div><\/div><\/div><\/div><\/div>\n","protected":false},"excerpt":{"rendered":"","protected":false},"author":4,"featured_media":0,"parent":0,"menu_order":113,"comment_status":"closed","ping_status":"closed","template":"","meta":{"_lmt_disableupdate":"no","_lmt_disable":"","footnotes":""},"class_list":["post-7038","page","type-page","status-publish","hentry"],"yoast_head":"<!-- This site is optimized with the Yoast SEO Premium plugin v27.3 (Yoast SEO v27.4) - https:\/\/yoast.com\/product\/yoast-seo-premium-wordpress\/ -->\n<title>Imprint - Streifzug Media - Kitzb\u00fchel<\/title>\n<meta name=\"robots\" content=\"index, follow, max-snippet:-1, max-image-preview:large, max-video-preview:-1\" \/>\n<link rel=\"canonical\" href=\"https:\/\/www.streifzugmedia.com\/en\/impressum\/\" \/>\n<meta property=\"og:locale\" content=\"en_US\" \/>\n<meta property=\"og:type\" content=\"article\" \/>\n<meta property=\"og:title\" content=\"Imprint\" \/>\n<meta property=\"og:url\" content=\"https:\/\/www.streifzugmedia.com\/en\/impressum\/\" \/>\n<meta property=\"og:site_name\" content=\"Streifzug Media - Kitzb\u00fchel\" \/>\n<meta property=\"article:publisher\" content=\"https:\/\/www.facebook.com\/StreifzugMagazine\/\" \/>\n<meta property=\"article:modified_time\" content=\"2021-11-18T07:03:29+00:00\" \/>\n<meta property=\"og:image\" content=\"https:\/\/www.streifzugmedia.com\/wp-content\/uploads\/2017\/03\/Streifzug_Logo.jpg\" \/>\n\t<meta property=\"og:image:width\" content=\"236\" \/>\n\t<meta property=\"og:image:height\" content=\"36\" \/>\n\t<meta property=\"og:image:type\" content=\"image\/jpeg\" \/>\n<meta name=\"twitter:card\" content=\"summary_large_image\" \/>\n<meta name=\"twitter:label1\" content=\"Est. reading time\" \/>\n\t<meta name=\"twitter:data1\" content=\"6 minutes\" \/>\n<!-- \/ Yoast SEO Premium plugin. -->","yoast_head_json":{"title":"Imprint - Streifzug Media - Kitzb\u00fchel","robots":{"index":"index","follow":"follow","max-snippet":"max-snippet:-1","max-image-preview":"max-image-preview:large","max-video-preview":"max-video-preview:-1"},"canonical":"https:\/\/www.streifzugmedia.com\/en\/impressum\/","og_locale":"en_US","og_type":"article","og_title":"Imprint","og_url":"https:\/\/www.streifzugmedia.com\/en\/impressum\/","og_site_name":"Streifzug Media - Kitzb\u00fchel","article_publisher":"https:\/\/www.facebook.com\/StreifzugMagazine\/","article_modified_time":"2021-11-18T07:03:29+00:00","og_image":[{"width":236,"height":36,"url":"https:\/\/www.streifzugmedia.com\/wp-content\/uploads\/2017\/03\/Streifzug_Logo.jpg","type":"image\/jpeg"}],"twitter_card":"summary_large_image","twitter_misc":{"Est. reading time":"6 minutes"},"schema":{"@context":"https:\/\/schema.org","@graph":[{"@type":"WebPage","@id":"https:\/\/www.streifzugmedia.com\/en\/impressum\/","url":"https:\/\/www.streifzugmedia.com\/en\/impressum\/","name":"Imprint - Streifzug Media - Kitzb\u00fchel","isPartOf":{"@id":"https:\/\/www.streifzugmedia.com\/en\/#website"},"datePublished":"2016-09-26T08:09:21+00:00","dateModified":"2021-11-18T07:03:29+00:00","breadcrumb":{"@id":"https:\/\/www.streifzugmedia.com\/en\/impressum\/#breadcrumb"},"inLanguage":"en-US","potentialAction":[{"@type":"ReadAction","target":["https:\/\/www.streifzugmedia.com\/en\/impressum\/"]}]},{"@type":"BreadcrumbList","@id":"https:\/\/www.streifzugmedia.com\/en\/impressum\/#breadcrumb","itemListElement":[{"@type":"ListItem","position":1,"name":"Startseite","item":"https:\/\/www.streifzugmedia.com\/en\/"},{"@type":"ListItem","position":2,"name":"Imprint"}]},{"@type":"WebSite","@id":"https:\/\/www.streifzugmedia.com\/en\/#website","url":"https:\/\/www.streifzugmedia.com\/en\/","name":"Streifzug Media - Kitzb\u00fchel","description":"BEST OF REAL ESTATE, INTERIOR DESIGN &amp; LIFESTYLE","publisher":{"@id":"https:\/\/www.streifzugmedia.com\/en\/#organization"},"potentialAction":[{"@type":"SearchAction","target":{"@type":"EntryPoint","urlTemplate":"https:\/\/www.streifzugmedia.com\/en\/?s={search_term_string}"},"query-input":{"@type":"PropertyValueSpecification","valueRequired":true,"valueName":"search_term_string"}}],"inLanguage":"en-US"},{"@type":"Organization","@id":"https:\/\/www.streifzugmedia.com\/en\/#organization","name":"Streifzug Media GmbH","url":"https:\/\/www.streifzugmedia.com\/en\/","logo":{"@type":"ImageObject","inLanguage":"en-US","@id":"https:\/\/www.streifzugmedia.com\/en\/#\/schema\/logo\/image\/","url":"https:\/\/www.streifzugmedia.com\/wp-content\/uploads\/2016\/10\/Bildschirmfoto-2016-09-27-um-09.49.42.png","contentUrl":"https:\/\/www.streifzugmedia.com\/wp-content\/uploads\/2016\/10\/Bildschirmfoto-2016-09-27-um-09.49.42.png","width":358,"height":51,"caption":"Streifzug Media GmbH"},"image":{"@id":"https:\/\/www.streifzugmedia.com\/en\/#\/schema\/logo\/image\/"},"sameAs":["https:\/\/www.facebook.com\/StreifzugMagazine\/","https:\/\/www.instagram.com\/streifzugmedia\/","https:\/\/www.pinterest.com\/streifzugmedia\/","https:\/\/www.youtube.com\/channel\/UCHsdQAJX8ULnRRdRj_T0KcA"]}]}},"publishpress_future_action":{"enabled":false,"date":"2026-08-02 18:32:00","action":"change-status","newStatus":"draft","terms":[],"taxonomy":"translation_priority","extraData":[]},"publishpress_future_workflow_manual_trigger":{"enabledWorkflows":[]},"_links":{"self":[{"href":"https:\/\/www.streifzugmedia.com\/en\/wp-json\/wp\/v2\/pages\/7038","targetHints":{"allow":["GET"]}}],"collection":[{"href":"https:\/\/www.streifzugmedia.com\/en\/wp-json\/wp\/v2\/pages"}],"about":[{"href":"https:\/\/www.streifzugmedia.com\/en\/wp-json\/wp\/v2\/types\/page"}],"author":[{"embeddable":true,"href":"https:\/\/www.streifzugmedia.com\/en\/wp-json\/wp\/v2\/users\/4"}],"replies":[{"embeddable":true,"href":"https:\/\/www.streifzugmedia.com\/en\/wp-json\/wp\/v2\/comments?post=7038"}],"version-history":[{"count":4,"href":"https:\/\/www.streifzugmedia.com\/en\/wp-json\/wp\/v2\/pages\/7038\/revisions"}],"predecessor-version":[{"id":73374,"href":"https:\/\/www.streifzugmedia.com\/en\/wp-json\/wp\/v2\/pages\/7038\/revisions\/73374"}],"wp:attachment":[{"href":"https:\/\/www.streifzugmedia.com\/en\/wp-json\/wp\/v2\/media?parent=7038"}],"curies":[{"name":"wp","href":"https:\/\/api.w.org\/{rel}","templated":true}]}}