{"id":125666,"date":"2021-03-30T11:39:22","date_gmt":"2021-03-30T09:39:22","guid":{"rendered":"https:\/\/www.streifzugmedia.com\/produkt\/streifzug-muenchen\/"},"modified":"2025-10-23T09:27:46","modified_gmt":"2025-10-23T07:27:46","slug":"streifzug-muenchen","status":"publish","type":"product","link":"https:\/\/www.streifzugmedia.com\/en\/produkt\/streifzug-muenchen\/","title":{"rendered":"STREIFZUG M\u00fcnchen subscription"},"content":{"rendered":"","protected":false},"excerpt":{"rendered":"<p>Annual subscription to Streifzug M\u00fcnchen: 4 issues per year (published in March, June, September, and December). Start with the next issue. Subscription is automatically renewed every year and can be canceled at any time.<\/p>\n","protected":false},"featured_media":128979,"template":"","meta":{"_lmt_disableupdate":"no","_lmt_disable":""},"product_brand":[],"product_cat":[390],"product_tag":[2173,2489],"class_list":{"0":"post-125666","1":"product","2":"type-product","3":"status-publish","4":"has-post-thumbnail","6":"product_cat-jahresabo-en","7":"product_tag-box-shadow-en","8":"product_tag-no-quantity","9":"product_shipping_class-abo-en","11":"first","12":"instock","13":"taxable","14":"shipping-taxable","15":"purchasable","16":"product-type-subscription"},"yoast_head":"<!-- This site is optimized with the Yoast SEO Premium plugin v27.3 (Yoast SEO v27.4) - https:\/\/yoast.com\/product\/yoast-seo-premium-wordpress\/ -->\n<title>Abo Streifzug M\u00fcnchen Magazin | STREIFZUG Media<\/title>\n<meta name=\"description\" content=\"Magazine f\u00fcr Luxusimmobilien, Interior Design, Lifestyle aus M\u00fcnchen und Umgebung. Keine STREIFZUG-Ausgabe verpassen. Jetzt Abo M\u00fcnchen bestellen!\" \/>\n<meta name=\"robots\" content=\"noindex, follow\" \/>\n<meta property=\"og:locale\" content=\"en_US\" \/>\n<meta property=\"og:type\" content=\"article\" \/>\n<meta property=\"og:title\" content=\"STREIFZUG M\u00fcnchen subscription\" \/>\n<meta property=\"og:description\" content=\"Magazine f\u00fcr Luxusimmobilien, Interior Design, Lifestyle aus M\u00fcnchen und Umgebung. Keine STREIFZUG-Ausgabe verpassen. Jetzt Abo M\u00fcnchen bestellen!\" \/>\n<meta property=\"og:url\" content=\"https:\/\/www.streifzugmedia.com\/en\/produkt\/streifzug-muenchen\/\" \/>\n<meta property=\"og:site_name\" content=\"Streifzug Media - Kitzb\u00fchel\" \/>\n<meta property=\"article:publisher\" content=\"https:\/\/www.facebook.com\/StreifzugMagazine\/\" \/>\n<meta property=\"article:modified_time\" content=\"2025-10-23T07:27:46+00:00\" \/>\n<meta property=\"og:image\" content=\"https:\/\/www.streifzugmedia.com\/wp-content\/uploads\/2025\/09\/MUC_H2025_cover.jpg\" \/>\n\t<meta property=\"og:image:width\" content=\"400\" \/>\n\t<meta property=\"og:image:height\" content=\"572\" \/>\n\t<meta property=\"og:image:type\" content=\"image\/jpeg\" \/>\n<meta name=\"twitter:card\" content=\"summary_large_image\" \/>\n<meta name=\"twitter:label1\" content=\"Est. reading time\" \/>\n\t<meta name=\"twitter:data1\" content=\"1 minute\" \/>\n<!-- \/ Yoast SEO Premium plugin. -->","yoast_head_json":{"title":"Abo Streifzug M\u00fcnchen Magazin | STREIFZUG Media","description":"Magazine f\u00fcr Luxusimmobilien, Interior Design, Lifestyle aus M\u00fcnchen und Umgebung. Keine STREIFZUG-Ausgabe verpassen. Jetzt Abo M\u00fcnchen bestellen!","robots":{"index":"noindex","follow":"follow"},"og_locale":"en_US","og_type":"article","og_title":"STREIFZUG M\u00fcnchen subscription","og_description":"Magazine f\u00fcr Luxusimmobilien, Interior Design, Lifestyle aus M\u00fcnchen und Umgebung. Keine STREIFZUG-Ausgabe verpassen. Jetzt Abo M\u00fcnchen bestellen!","og_url":"https:\/\/www.streifzugmedia.com\/en\/produkt\/streifzug-muenchen\/","og_site_name":"Streifzug Media - Kitzb\u00fchel","article_publisher":"https:\/\/www.facebook.com\/StreifzugMagazine\/","article_modified_time":"2025-10-23T07:27:46+00:00","og_image":[{"width":400,"height":572,"url":"https:\/\/www.streifzugmedia.com\/wp-content\/uploads\/2025\/09\/MUC_H2025_cover.jpg","type":"image\/jpeg"}],"twitter_card":"summary_large_image","twitter_misc":{"Est. reading time":"1 minute"},"schema":{"@context":"https:\/\/schema.org","@graph":[{"@type":"WebPage","@id":"https:\/\/www.streifzugmedia.com\/en\/produkt\/streifzug-muenchen\/","url":"https:\/\/www.streifzugmedia.com\/en\/produkt\/streifzug-muenchen\/","name":"Abo Streifzug M\u00fcnchen Magazin | STREIFZUG Media","isPartOf":{"@id":"https:\/\/www.streifzugmedia.com\/en\/#website"},"primaryImageOfPage":{"@id":"https:\/\/www.streifzugmedia.com\/en\/produkt\/streifzug-muenchen\/#primaryimage"},"image":{"@id":"https:\/\/www.streifzugmedia.com\/en\/produkt\/streifzug-muenchen\/#primaryimage"},"thumbnailUrl":"https:\/\/www.streifzugmedia.com\/wp-content\/uploads\/2021\/03\/MUC_FR2026_cover.jpg","datePublished":"2021-03-30T09:39:22+00:00","dateModified":"2025-10-23T07:27:46+00:00","description":"Magazine f\u00fcr Luxusimmobilien, Interior Design, Lifestyle aus M\u00fcnchen und Umgebung. Keine STREIFZUG-Ausgabe verpassen. Jetzt Abo M\u00fcnchen bestellen!","breadcrumb":{"@id":"https:\/\/www.streifzugmedia.com\/en\/produkt\/streifzug-muenchen\/#breadcrumb"},"inLanguage":"en-US","potentialAction":[{"@type":"ReadAction","target":["https:\/\/www.streifzugmedia.com\/en\/produkt\/streifzug-muenchen\/"]}]},{"@type":"ImageObject","inLanguage":"en-US","@id":"https:\/\/www.streifzugmedia.com\/en\/produkt\/streifzug-muenchen\/#primaryimage","url":"https:\/\/www.streifzugmedia.com\/wp-content\/uploads\/2021\/03\/MUC_FR2026_cover.jpg","contentUrl":"https:\/\/www.streifzugmedia.com\/wp-content\/uploads\/2021\/03\/MUC_FR2026_cover.jpg","width":400,"height":573},{"@type":"BreadcrumbList","@id":"https:\/\/www.streifzugmedia.com\/en\/produkt\/streifzug-muenchen\/#breadcrumb","itemListElement":[{"@type":"ListItem","position":1,"name":"Startseite","item":"https:\/\/www.streifzugmedia.com\/en\/"},{"@type":"ListItem","position":2,"name":"Shop","item":"https:\/\/www.streifzugmedia.com\/en\/abo\/"},{"@type":"ListItem","position":3,"name":"STREIFZUG M\u00fcnchen subscription"}]},{"@type":"WebSite","@id":"https:\/\/www.streifzugmedia.com\/en\/#website","url":"https:\/\/www.streifzugmedia.com\/en\/","name":"Streifzug Media - Kitzb\u00fchel","description":"BEST OF REAL ESTATE, INTERIOR DESIGN &amp; LIFESTYLE","publisher":{"@id":"https:\/\/www.streifzugmedia.com\/en\/#organization"},"potentialAction":[{"@type":"SearchAction","target":{"@type":"EntryPoint","urlTemplate":"https:\/\/www.streifzugmedia.com\/en\/?s={search_term_string}"},"query-input":{"@type":"PropertyValueSpecification","valueRequired":true,"valueName":"search_term_string"}}],"inLanguage":"en-US"},{"@type":"Organization","@id":"https:\/\/www.streifzugmedia.com\/en\/#organization","name":"Streifzug Media GmbH","url":"https:\/\/www.streifzugmedia.com\/en\/","logo":{"@type":"ImageObject","inLanguage":"en-US","@id":"https:\/\/www.streifzugmedia.com\/en\/#\/schema\/logo\/image\/","url":"https:\/\/www.streifzugmedia.com\/wp-content\/uploads\/2016\/10\/Bildschirmfoto-2016-09-27-um-09.49.42.png","contentUrl":"https:\/\/www.streifzugmedia.com\/wp-content\/uploads\/2016\/10\/Bildschirmfoto-2016-09-27-um-09.49.42.png","width":358,"height":51,"caption":"Streifzug Media GmbH"},"image":{"@id":"https:\/\/www.streifzugmedia.com\/en\/#\/schema\/logo\/image\/"},"sameAs":["https:\/\/www.facebook.com\/StreifzugMagazine\/","https:\/\/www.instagram.com\/streifzugmedia\/","https:\/\/www.pinterest.com\/streifzugmedia\/","https:\/\/www.youtube.com\/channel\/UCHsdQAJX8ULnRRdRj_T0KcA"]}]}},"publishpress_future_workflow_manual_trigger":{"enabledWorkflows":[]},"_links":{"self":[{"href":"https:\/\/www.streifzugmedia.com\/en\/wp-json\/wp\/v2\/product\/125666","targetHints":{"allow":["GET"]}}],"collection":[{"href":"https:\/\/www.streifzugmedia.com\/en\/wp-json\/wp\/v2\/product"}],"about":[{"href":"https:\/\/www.streifzugmedia.com\/en\/wp-json\/wp\/v2\/types\/product"}],"wp:featuredmedia":[{"embeddable":true,"href":"https:\/\/www.streifzugmedia.com\/en\/wp-json\/wp\/v2\/media\/128979"}],"wp:attachment":[{"href":"https:\/\/www.streifzugmedia.com\/en\/wp-json\/wp\/v2\/media?parent=125666"}],"wp:term":[{"taxonomy":"product_brand","embeddable":true,"href":"https:\/\/www.streifzugmedia.com\/en\/wp-json\/wp\/v2\/product_brand?post=125666"},{"taxonomy":"product_cat","embeddable":true,"href":"https:\/\/www.streifzugmedia.com\/en\/wp-json\/wp\/v2\/product_cat?post=125666"},{"taxonomy":"product_tag","embeddable":true,"href":"https:\/\/www.streifzugmedia.com\/en\/wp-json\/wp\/v2\/product_tag?post=125666"}],"curies":[{"name":"wp","href":"https:\/\/api.w.org\/{rel}","templated":true}]}}